{"id":157,"date":"2021-09-16T20:51:17","date_gmt":"2021-09-16T19:51:17","guid":{"rendered":"https:\/\/www.vagliosrl.it\/?page_id=157"},"modified":"2021-11-24T09:23:11","modified_gmt":"2021-11-24T09:23:11","slug":"impianti","status":"publish","type":"page","link":"https:\/\/www.vagliosrl.it\/index.php\/impianti\/","title":{"rendered":"Impianti"},"content":{"rendered":"<p>[et_pb_section fb_built=&#8221;1&#8243; _builder_version=&#8221;4.10.6&#8243; _module_preset=&#8221;default&#8221; background_image=&#8221;https:\/\/www.vagliosrl.it\/wp-content\/uploads\/2021\/09\/banner-lifts.webp&#8221; global_colors_info=&#8221;{}&#8221;][et_pb_row _builder_version=&#8221;4.10.6&#8243; _module_preset=&#8221;default&#8221; global_colors_info=&#8221;{}&#8221;][et_pb_column type=&#8221;4_4&#8243; _builder_version=&#8221;4.10.6&#8243; _module_preset=&#8221;default&#8221; global_colors_info=&#8221;{}&#8221;][et_pb_text _builder_version=&#8221;4.10.6&#8243; _module_preset=&#8221;default&#8221; header_text_color=&#8221;#FFFFFF&#8221; text_orientation=&#8221;center&#8221; header_text_shadow_style=&#8221;preset2&#8243; header_text_shadow_horizontal_length=&#8221;0.1em&#8221; header_text_shadow_vertical_length=&#8221;0.1em&#8221; header_text_shadow_color=&#8221;#E02B20&#8243; global_colors_info=&#8221;{}&#8221;]<\/p>\n<h1>Impianti<\/h1>\n<p>[\/et_pb_text][\/et_pb_column][\/et_pb_row][\/et_pb_section][et_pb_section fb_built=&#8221;1&#8243; _builder_version=&#8221;4.13.0&#8243; _module_preset=&#8221;default&#8221; global_colors_info=&#8221;{}&#8221;][et_pb_row _builder_version=&#8221;4.13.0&#8243; _module_preset=&#8221;default&#8221; global_colors_info=&#8221;{}&#8221;][et_pb_column type=&#8221;4_4&#8243; _builder_version=&#8221;4.13.0&#8243; _module_preset=&#8221;default&#8221; global_colors_info=&#8221;{}&#8221;][et_pb_text admin_label=&#8221;Title&#8221; _builder_version=&#8221;4.14.1&#8243; text_font=&#8221;||||||||&#8221; header_font=&#8221;||||||||&#8221; header_2_font=&#8221;Nunito||||||||&#8221; header_2_text_align=&#8221;center&#8221; header_2_text_color=&#8221;#263954&#8243; header_2_font_size=&#8221;36px&#8221; header_2_line_height=&#8221;1.4em&#8221; custom_margin=&#8221;||5px|&#8221; animation_style=&#8221;fold&#8221; animation_direction=&#8221;bottom&#8221; animation_intensity_fold=&#8221;20%&#8221; animation_starting_opacity=&#8221;100%&#8221; hover_enabled=&#8221;0&#8243; global_colors_info=&#8221;{}&#8221; sticky_enabled=&#8221;0&#8243;]<\/p>\n<h2>Da sempre il nostro obbiettivo \u00e8 arrivare dove non arrivano gli altri<\/h2>\n<p>[\/et_pb_text][et_pb_divider color=&#8221;#0099e5&#8243; divider_position=&#8221;center&#8221; divider_weight=&#8221;2px&#8221; _builder_version=&#8221;3.2&#8243; max_width=&#8221;50px&#8221; module_alignment=&#8221;center&#8221; global_colors_info=&#8221;{}&#8221;][\/et_pb_divider][\/et_pb_column][\/et_pb_row][et_pb_row column_structure=&#8221;2_5,3_5&#8243; _builder_version=&#8221;4.14.1&#8243; _module_preset=&#8221;default&#8221; global_colors_info=&#8221;{}&#8221;][et_pb_column type=&#8221;2_5&#8243; _builder_version=&#8221;4.14.1&#8243; _module_preset=&#8221;default&#8221; global_colors_info=&#8221;{}&#8221;][et_pb_code _builder_version=&#8221;4.14.1&#8243; _module_preset=&#8221;default&#8221; global_colors_info=&#8221;{}&#8221;]<\/p>\n<h3 class=\"titoletto titolo-grosso\"><!-- [et_pb_line_break_holder] -->  Impianti nuovi<!-- [et_pb_line_break_holder] --><\/h3>\n<p><!-- [et_pb_line_break_holder] --><\/p>\n<hr>\n<p><!-- [et_pb_line_break_holder] --><pee><!-- [et_pb_line_break_holder] -->  Che siate in cerca di impianti tecnicamente complessi o esteticamente elaborati, Vaglio \u00e8 in grado di offrire ai suoi clienti impianti nuovi di qualsiasi tipologia.<\/pee><!-- [et_pb_line_break_holder] --><pee><!-- [et_pb_line_break_holder] -->  Da sempre uno dei nostri principali obbiettivi \u00e8 arrivare dove non arrivano gli altri.<!-- [et_pb_line_break_holder] --><\/pee><!-- [et_pb_line_break_holder] --><pee><!-- [et_pb_line_break_holder] -->  Grazie al suo studio tecnico ed alle competenze acquisite dall&#8217;azienda in tantissimi anni di presenza nel settore, la Vaglio Srl oggi \u00e8 in grado di progettare, produrre, e assemblare impianti fuori standard.<!-- [et_pb_line_break_holder] --><\/pee>[\/et_pb_code][\/et_pb_column][et_pb_column type=&#8221;3_5&#8243; _builder_version=&#8221;4.14.1&#8243; _module_preset=&#8221;default&#8221; global_colors_info=&#8221;{}&#8221;][et_pb_image src=&#8221;https:\/\/www.vagliosrl.it\/wp-content\/uploads\/2021\/11\/vaglio-srl-costruzione-cabine-ascensori-torino-impianti.webp&#8221; title_text=&#8221;vaglio-srl-costruzione-cabine-ascensori-torino-impianti&#8221; _builder_version=&#8221;4.14.1&#8243; _module_preset=&#8221;default&#8221; global_colors_info=&#8221;{}&#8221;][\/et_pb_image][\/et_pb_column][\/et_pb_row][et_pb_row _builder_version=&#8221;4.14.1&#8243; _module_preset=&#8221;default&#8221; global_colors_info=&#8221;{}&#8221;][et_pb_column type=&#8221;4_4&#8243; _builder_version=&#8221;4.14.1&#8243; _module_preset=&#8221;default&#8221; global_colors_info=&#8221;{}&#8221;][et_pb_divider color=&#8221;#0099e5&#8243; divider_position=&#8221;center&#8221; divider_weight=&#8221;2px&#8221; _builder_version=&#8221;3.2&#8243; max_width=&#8221;50px&#8221; module_alignment=&#8221;center&#8221; global_colors_info=&#8221;{}&#8221;][\/et_pb_divider][\/et_pb_column][\/et_pb_row][et_pb_row column_structure=&#8221;2_3,1_3&#8243; _builder_version=&#8221;4.13.0&#8243; _module_preset=&#8221;default&#8221; global_colors_info=&#8221;{}&#8221;][et_pb_column type=&#8221;2_3&#8243; _builder_version=&#8221;4.13.0&#8243; _module_preset=&#8221;default&#8221; global_colors_info=&#8221;{}&#8221;][et_pb_image src=&#8221;https:\/\/www.vagliosrl.it\/wp-content\/uploads\/2021\/11\/vaglio-srl-impianti.webp&#8221; title_text=&#8221;vaglio-srl-impianti&#8221; align=&#8221;center&#8221; _builder_version=&#8221;4.13.0&#8243; _module_preset=&#8221;default&#8221; global_colors_info=&#8221;{}&#8221;][\/et_pb_image][\/et_pb_column][et_pb_column type=&#8221;1_3&#8243; _builder_version=&#8221;4.13.0&#8243; _module_preset=&#8221;default&#8221; global_colors_info=&#8221;{}&#8221;][et_pb_code _builder_version=&#8221;4.14.1&#8243; _module_preset=&#8221;default&#8221; global_colors_info=&#8221;{}&#8221;]<\/p>\n<h3 class=\"titoletto titolo-grosso\"><!-- [et_pb_line_break_holder] -->  Modernizzazione completa<!-- [et_pb_line_break_holder] --><\/h3>\n<p><!-- [et_pb_line_break_holder] --><\/p>\n<hr>\n<p><!-- [et_pb_line_break_holder] --><pee><!-- [et_pb_line_break_holder] --> Dal rilievo tecnico preliminare alla messa in funzione dell\u2019impianto Vaglio cura ogni aspetto dell\u2019ammodernamento garantendo, grazie alla propria organizzazione e alle squadre di ascensoristi interni, un\u2019ottimizzazione dei costi e una gestione efficiente di ogni eventuale imprevisto in completa autonomia.<!-- [et_pb_line_break_holder] --><\/pee><!-- [et_pb_line_break_holder] --><pee><!-- [et_pb_line_break_holder] -->  Grazie alle nostre numerose aziende partner siamo in grado di fornirvi un impianto completo riuscendo a venire incontro ad ogni vostra esigenza, occupandoci di tutto, dall\u2019approvvigionamento del materiale fino alla consegna dell\u2019impianto.<!-- [et_pb_line_break_holder] --><\/pee><!-- [et_pb_line_break_holder] --><pee><!-- [et_pb_line_break_holder] -->  L\u2019esperienza Vaglio nel settore ci permette di lavorare anche su impianti con necessit\u00e0 particolari come i tripli accessi o di operare in casi di trasformazioni complete di impianti da manuali ad automatici.<!-- [et_pb_line_break_holder] --><\/pee>[\/et_pb_code][\/et_pb_column][\/et_pb_row][et_pb_row _builder_version=&#8221;4.13.1&#8243; _module_preset=&#8221;default&#8221; global_colors_info=&#8221;{}&#8221;][et_pb_column type=&#8221;4_4&#8243; _builder_version=&#8221;4.13.1&#8243; _module_preset=&#8221;default&#8221; global_colors_info=&#8221;{}&#8221;][et_pb_divider color=&#8221;#0099e5&#8243; divider_position=&#8221;center&#8221; divider_weight=&#8221;3px&#8221; _builder_version=&#8221;4.13.1&#8243; max_width=&#8221;50px&#8221; module_alignment=&#8221;center&#8221; global_colors_info=&#8221;{}&#8221;][\/et_pb_divider][\/et_pb_column][\/et_pb_row][et_pb_row column_structure=&#8221;1_2,1_2&#8243; _builder_version=&#8221;4.13.1&#8243; _module_preset=&#8221;default&#8221; global_colors_info=&#8221;{}&#8221;][et_pb_column type=&#8221;1_2&#8243; _builder_version=&#8221;4.13.1&#8243; _module_preset=&#8221;default&#8221; global_colors_info=&#8221;{}&#8221;][et_pb_image src=&#8221;https:\/\/www.vagliosrl.it\/wp-content\/uploads\/2021\/11\/logo-prisma.webp&#8221; alt=&#8221;Vaglio srl &#8211; Logo Prisma &#8211; Rivenditore Esclusivo&#8221; title_text=&#8221;logo-prisma&#8221; url_new_window=&#8221;on&#8221; align=&#8221;center&#8221; _builder_version=&#8221;4.13.1&#8243; _module_preset=&#8221;default&#8221; module_alignment=&#8221;right&#8221; height=&#8221;250px&#8221; custom_margin=&#8221;-15px||||false|false&#8221; global_colors_info=&#8221;{}&#8221;][\/et_pb_image][\/et_pb_column][et_pb_column type=&#8221;1_2&#8243; _builder_version=&#8221;4.13.1&#8243; _module_preset=&#8221;default&#8221; global_colors_info=&#8221;{}&#8221;][et_pb_code _builder_version=&#8221;4.13.1&#8243; _module_preset=&#8221;default&#8221; global_colors_info=&#8221;{}&#8221;]<\/p>\n<h3><!-- [et_pb_line_break_holder] -->  <span class=\"titoletto\">Porte al piano<\/span> Prisma<!-- [et_pb_line_break_holder] --><\/h3>\n<p><!-- [et_pb_line_break_holder] -->\u00a0<!-- [et_pb_line_break_holder] --><\/p>\n<h5><!-- [et_pb_line_break_holder] -->  <span class=\"titoletto\">Vaglio \u00e8 rivenditore esclusivo<\/span> per Piemonte, Liguria e Valle d&#8217;Aosta<!-- [et_pb_line_break_holder] --><\/h5>\n<p><!-- [et_pb_line_break_holder] -->\u00a0<!-- [et_pb_line_break_holder] --><pee><!-- [et_pb_line_break_holder] -->  Per le porte automatiche Vaglio ha scelto la qualit\u00e0, la tecnologia innovativa, l&#8217;affidabilit\u00e0 e il servizio &#8220;customer oriented&#8221; del marchio leader del settore.<!-- [et_pb_line_break_holder] --><\/pee>[\/et_pb_code][\/et_pb_column][\/et_pb_row][et_pb_row column_structure=&#8221;1_2,1_2&#8243; _builder_version=&#8221;4.13.1&#8243; _module_preset=&#8221;default&#8221; global_colors_info=&#8221;{}&#8221;][et_pb_column type=&#8221;1_2&#8243; _builder_version=&#8221;4.13.1&#8243; _module_preset=&#8221;default&#8221; global_colors_info=&#8221;{}&#8221;][et_pb_image src=&#8221;https:\/\/www.vagliosrl.it\/wp-content\/uploads\/2021\/11\/logo-montanari.webp&#8221; alt=&#8221;Vaglio srl &#8211; Logo Montanari &#8211; Rivenditore Autorizzato&#8221; title_text=&#8221;logo-montanari&#8221; url_new_window=&#8221;on&#8221; align=&#8221;center&#8221; _builder_version=&#8221;4.13.1&#8243; _module_preset=&#8221;default&#8221; module_alignment=&#8221;right&#8221; height=&#8221;250px&#8221; custom_margin=&#8221;-15px||||false|false&#8221; global_colors_info=&#8221;{}&#8221;][\/et_pb_image][\/et_pb_column][et_pb_column type=&#8221;1_2&#8243; _builder_version=&#8221;4.13.1&#8243; _module_preset=&#8221;default&#8221; global_colors_info=&#8221;{}&#8221;][et_pb_code _builder_version=&#8221;4.13.1&#8243; _module_preset=&#8221;default&#8221; global_colors_info=&#8221;{}&#8221;]<\/p>\n<h3><!-- [et_pb_line_break_holder] -->  <span class=\"titoletto\">Argani<\/span> Montanari<!-- [et_pb_line_break_holder] --><\/h3>\n<p><!-- [et_pb_line_break_holder] -->\u00a0<!-- [et_pb_line_break_holder] --><\/p>\n<h5><!-- [et_pb_line_break_holder] -->  <span class=\"titoletto\">Vaglio \u00e8 rivenditore autorizzato<\/span><!-- [et_pb_line_break_holder] --><\/h5>\n<p><!-- [et_pb_line_break_holder] -->\u00a0<!-- [et_pb_line_break_holder] --><pee><!-- [et_pb_line_break_holder] -->  Per gli argani Vaglio collabora con una delle aziende di punta del settore, preferita per l\u2019ampia gamma di soluzioni, la tecnologia innovativa e la seriet\u00e0 di servizio.<!-- [et_pb_line_break_holder] --><\/pee>[\/et_pb_code][\/et_pb_column][\/et_pb_row][et_pb_row column_structure=&#8221;1_2,1_2&#8243; _builder_version=&#8221;4.13.1&#8243; _module_preset=&#8221;default&#8221; global_colors_info=&#8221;{}&#8221;][et_pb_column type=&#8221;1_2&#8243; _builder_version=&#8221;4.13.1&#8243; _module_preset=&#8221;default&#8221; global_colors_info=&#8221;{}&#8221;][et_pb_image src=&#8221;https:\/\/www.vagliosrl.it\/wp-content\/uploads\/2021\/11\/logo-pulsanti.webp&#8221; alt=&#8221;Vaglio srl &#8211; Logo Pulsanti &#8211; Rivenditore Autorizzato&#8221; title_text=&#8221;logo-pulsanti&#8221; url_new_window=&#8221;on&#8221; align=&#8221;center&#8221; _builder_version=&#8221;4.13.1&#8243; _module_preset=&#8221;default&#8221; module_alignment=&#8221;right&#8221; height=&#8221;250px&#8221; custom_margin=&#8221;-15px||||false|false&#8221; global_colors_info=&#8221;{}&#8221;][\/et_pb_image][\/et_pb_column][et_pb_column type=&#8221;1_2&#8243; _builder_version=&#8221;4.13.1&#8243; _module_preset=&#8221;default&#8221; global_colors_info=&#8221;{}&#8221;][et_pb_code _builder_version=&#8221;4.13.1&#8243; _module_preset=&#8221;default&#8221; global_colors_info=&#8221;{}&#8221;]<\/p>\n<h3><!-- [et_pb_line_break_holder] -->  <span class=\"titoletto\">Pulsanti<\/span> DMG, Scheafer, BST<!-- [et_pb_line_break_holder] --><\/h3>\n<p><!-- [et_pb_line_break_holder] -->\u00a0<!-- [et_pb_line_break_holder] --><\/p>\n<h5><!-- [et_pb_line_break_holder] -->  <span class=\"titoletto\">Vaglio \u00e8 rivenditore autorizzato<\/span><!-- [et_pb_line_break_holder] --><\/h5>\n<p><!-- [et_pb_line_break_holder] -->\u00a0<!-- [et_pb_line_break_holder] --><pee><!-- [et_pb_line_break_holder] -->  Per i pulsanti Vaglio propone le soluzioni di tre aziende per offrire la massima libert\u00e0 di scelta in fatto di qualit\u00e0 e design.<!-- [et_pb_line_break_holder] --><\/pee>[\/et_pb_code][\/et_pb_column][\/et_pb_row][et_pb_row column_structure=&#8221;1_2,1_2&#8243; _builder_version=&#8221;4.13.1&#8243; _module_preset=&#8221;default&#8221; global_colors_info=&#8221;{}&#8221;][et_pb_column type=&#8221;1_2&#8243; _builder_version=&#8221;4.13.1&#8243; _module_preset=&#8221;default&#8221; global_colors_info=&#8221;{}&#8221;][et_pb_image src=&#8221;https:\/\/www.vagliosrl.it\/wp-content\/uploads\/2021\/11\/logo-microsistemi.webp&#8221; alt=&#8221;Vaglio srl &#8211; Logo Microsistemi &#8211; Rivenditore Autorizzato&#8221; title_text=&#8221;logo-microsistemi&#8221; url_new_window=&#8221;on&#8221; align=&#8221;center&#8221; _builder_version=&#8221;4.13.1&#8243; _module_preset=&#8221;default&#8221; module_alignment=&#8221;right&#8221; height=&#8221;250px&#8221; custom_margin=&#8221;-15px||||false|false&#8221; global_colors_info=&#8221;{}&#8221;][\/et_pb_image][\/et_pb_column][et_pb_column type=&#8221;1_2&#8243; _builder_version=&#8221;4.13.1&#8243; _module_preset=&#8221;default&#8221; global_colors_info=&#8221;{}&#8221;][et_pb_code _builder_version=&#8221;4.13.1&#8243; _module_preset=&#8221;default&#8221; global_colors_info=&#8221;{}&#8221;]<\/p>\n<h3><!-- [et_pb_line_break_holder] -->  <span class=\"titoletto\">Dispositivi Elettronici<\/span> Microsistemi<!-- [et_pb_line_break_holder] --><\/h3>\n<p><!-- [et_pb_line_break_holder] -->\u00a0<!-- [et_pb_line_break_holder] --><\/p>\n<h5><!-- [et_pb_line_break_holder] -->  <span class=\"titoletto\">Vaglio \u00e8 rivenditore autorizzato<\/span><!-- [et_pb_line_break_holder] --><\/h5>\n<p><!-- [et_pb_line_break_holder] -->\u00a0<!-- [et_pb_line_break_holder] --><pee><!-- [et_pb_line_break_holder] -->  Nel settore dei dispositivi elettronici e opto-elettronici Vaglio mette a disposizione la qualit\u00e0 storica dell\u2019azienda italiana che vanta oltre 500.000 componenti installati in tutto il mondo.<!-- [et_pb_line_break_holder] --><\/pee>[\/et_pb_code][\/et_pb_column][\/et_pb_row][et_pb_row column_structure=&#8221;1_2,1_2&#8243; _builder_version=&#8221;4.13.1&#8243; _module_preset=&#8221;default&#8221; global_colors_info=&#8221;{}&#8221;][et_pb_column type=&#8221;1_2&#8243; _builder_version=&#8221;4.13.1&#8243; _module_preset=&#8221;default&#8221; global_colors_info=&#8221;{}&#8221;][et_pb_image src=&#8221;https:\/\/www.vagliosrl.it\/wp-content\/uploads\/2021\/11\/logo-elettroquadri.webp&#8221; alt=&#8221;Vaglio srl &#8211; Logo Elettroquadri &#8211; Rivenditore Autorizzato&#8221; title_text=&#8221;logo-elettroquadri&#8221; url_new_window=&#8221;on&#8221; align=&#8221;center&#8221; _builder_version=&#8221;4.13.1&#8243; _module_preset=&#8221;default&#8221; module_alignment=&#8221;right&#8221; height=&#8221;250px&#8221; custom_margin=&#8221;-15px||||false|false&#8221; global_colors_info=&#8221;{}&#8221;][\/et_pb_image][\/et_pb_column][et_pb_column type=&#8221;1_2&#8243; _builder_version=&#8221;4.13.1&#8243; _module_preset=&#8221;default&#8221; global_colors_info=&#8221;{}&#8221;][et_pb_code _builder_version=&#8221;4.13.1&#8243; _module_preset=&#8221;default&#8221; global_colors_info=&#8221;{}&#8221;]<\/p>\n<h3><!-- [et_pb_line_break_holder] -->  <span class=\"titoletto\">Quadri Elettrici<\/span> Elettroquadri<!-- [et_pb_line_break_holder] --><\/h3>\n<p><!-- [et_pb_line_break_holder] -->\u00a0<!-- [et_pb_line_break_holder] --><\/p>\n<h5><!-- [et_pb_line_break_holder] -->  <span class=\"titoletto\">Vaglio \u00e8 rivenditore autorizzato<\/span><!-- [et_pb_line_break_holder] --><\/h5>\n<p><!-- [et_pb_line_break_holder] -->\u00a0<!-- [et_pb_line_break_holder] --><pee><!-- [et_pb_line_break_holder] -->  Vaglio propone Elettrosistemi per l&#8217;affidabilit\u00e0, la flessibilit\u00e0 e l&#8217;integrazione tra i vari componenti ma offre la massima libert\u00e0 di scelta sulle soluzioni in linea con le conoscenze tecniche di ogni cliente.<!-- [et_pb_line_break_holder] --><\/pee>[\/et_pb_code][\/et_pb_column][\/et_pb_row][\/et_pb_section]<\/p>\n","protected":false},"excerpt":{"rendered":"<p>ImpiantiDa sempre il nostro obbiettivo \u00e8 arrivare dove non arrivano gli altri<\/p>\n","protected":false},"author":1,"featured_media":0,"parent":0,"menu_order":0,"comment_status":"closed","ping_status":"closed","template":"","meta":{"_et_pb_use_builder":"on","_et_pb_old_content":"","_et_gb_content_width":"","footnotes":""},"_links":{"self":[{"href":"https:\/\/www.vagliosrl.it\/index.php\/wp-json\/wp\/v2\/pages\/157"}],"collection":[{"href":"https:\/\/www.vagliosrl.it\/index.php\/wp-json\/wp\/v2\/pages"}],"about":[{"href":"https:\/\/www.vagliosrl.it\/index.php\/wp-json\/wp\/v2\/types\/page"}],"author":[{"embeddable":true,"href":"https:\/\/www.vagliosrl.it\/index.php\/wp-json\/wp\/v2\/users\/1"}],"replies":[{"embeddable":true,"href":"https:\/\/www.vagliosrl.it\/index.php\/wp-json\/wp\/v2\/comments?post=157"}],"version-history":[{"count":15,"href":"https:\/\/www.vagliosrl.it\/index.php\/wp-json\/wp\/v2\/pages\/157\/revisions"}],"predecessor-version":[{"id":654,"href":"https:\/\/www.vagliosrl.it\/index.php\/wp-json\/wp\/v2\/pages\/157\/revisions\/654"}],"wp:attachment":[{"href":"https:\/\/www.vagliosrl.it\/index.php\/wp-json\/wp\/v2\/media?parent=157"}],"curies":[{"name":"wp","href":"https:\/\/api.w.org\/{rel}","templated":true}]}}